{"id":6,"date":"2025-12-28T19:15:15","date_gmt":"2025-12-28T18:15:15","guid":{"rendered":"http:\/\/diffusons.lautre.net\/www\/?page_id=6"},"modified":"2025-12-28T19:15:15","modified_gmt":"2025-12-28T18:15:15","slug":"accueil","status":"publish","type":"page","link":"https:\/\/diffusons.lautre.net\/?page_id=6","title":{"rendered":"Accueil"},"content":{"rendered":"\n<div class=\"wp-block-group alignfull has-global-padding is-layout-constrained wp-block-group-is-layout-constrained\" style=\"margin-top:0;margin-bottom:0\">\n<div class=\"wp-block-columns alignfull is-layout-flex wp-container-core-columns-is-layout-9c22b1e3 wp-block-columns-is-layout-flex\">\n<div class=\"wp-block-column is-layout-flow wp-block-column-is-layout-flow\" style=\"flex-basis:55%\">\n<div style=\"aspect-ratio:1;min-height:unset;\" class=\"wp-block-cover is-light has-aspect-ratio\"><img decoding=\"async\" class=\"wp-block-cover__image-background\" alt=\"L\u2018image du livre\" src=\"http:\/\/diffusons.lautre.net\/www\/wp-content\/themes\/twentytwentyfive\/assets\/images\/book-image-landing.webp\" data-object-fit=\"cover\"\/><span aria-hidden=\"true\" class=\"wp-block-cover__background has-background-dim-0 has-background-dim\" style=\"background-color:#6b6b6b\"><\/span><div class=\"wp-block-cover__inner-container is-layout-flow wp-block-cover-is-layout-flow\">\n<div style=\"height:var(--wp--preset--spacing--20)\" aria-hidden=\"true\" class=\"wp-block-spacer\"><\/div>\n<\/div><\/div>\n<\/div>\n\n\n\n<div class=\"wp-block-column is-vertically-aligned-center is-layout-flow wp-block-column-is-layout-flow\" style=\"padding-top:var(--wp--preset--spacing--60);padding-right:var(--wp--preset--spacing--60);padding-bottom:var(--wp--preset--spacing--60);padding-left:var(--wp--preset--spacing--60)\">\n<h2 class=\"wp-block-heading has-xx-large-font-size\">SpotPress \u2014 La presse de qualit\u00e9, l\u00e0 o\u00f9 on ne l\u2019attend pas<\/h2>\n\n\n\n<p>Lire <em>Le Monde diplomatique<\/em>, <em>Alternatives \u00e9conomiques<\/em> ou <em>CQFD<\/em> dans un bar, un tiers-lieu ou une maison associative, gratuitement et librement :<br>c\u2019est le pari de SpotPress.<\/p>\n\n\n\n<p>SpotPress est une association qui organise la <strong>circulation de journaux de qualit\u00e9<\/strong> dans des lieux ouverts au public, en s\u2019appuyant sur le don, le partage et l\u2019engagement b\u00e9n\u00e9vole.<br><br><\/p>\n<\/div>\n<\/div>\n<\/div>\n\n\n\n<div class=\"wp-block-group alignfull has-global-padding is-layout-constrained wp-container-core-group-is-layout-54af5b55 wp-block-group-is-layout-constrained\" style=\"margin-top:0;margin-bottom:0;padding-top:var(--wp--preset--spacing--60);padding-bottom:var(--wp--preset--spacing--60)\">\n<h2 class=\"wp-block-heading alignwide has-text-align-center has-x-large-font-size\">Informer, partager, diffuser autrement.<\/h2>\n\n\n\n<div class=\"wp-block-buttons alignwide has-custom-font-size has-medium-font-size is-content-justification-center is-layout-flex wp-container-core-buttons-is-layout-c124d1c4 wp-block-buttons-is-layout-flex\">\n<div class=\"wp-block-button\"><a class=\"wp-block-button__link wp-element-button\">D\u00e9couvrir le projet<\/a><\/div>\n\n\n\n<div class=\"wp-block-button\"><a class=\"wp-block-button__link wp-element-button\">Devenir lieu de diffusion<\/a><\/div>\n\n\n\n<div class=\"wp-block-button\"><a class=\"wp-block-button__link wp-element-button\">Donner ses journaux<\/a><\/div>\n<\/div>\n\n\n\n<p class=\"has-text-align-center has-medium-font-size\">Hors d\u2019Europe&nbsp;? Voir les <a href=\"#\" rel=\"nofollow\">versions internationales<\/a>.<\/p>\n<\/div>\n\n\n\n<div class=\"wp-block-group alignfull has-global-padding is-layout-constrained wp-block-group-is-layout-constrained\" style=\"margin-top:0;margin-bottom:0;padding-top:var(--wp--preset--spacing--50);padding-bottom:var(--wp--preset--spacing--50)\">\n<div class=\"wp-block-columns alignwide is-layout-flex wp-container-core-columns-is-layout-fa584acd wp-block-columns-is-layout-flex\">\n<div class=\"wp-block-column is-vertically-aligned-center is-layout-flow wp-block-column-is-layout-flow\">\n<h2 class=\"wp-block-heading has-xx-large-font-size\">Pourquoi SpotPress ?<\/h2>\n\n\n\n<p class=\"has-medium-font-size\">Aujourd\u2019hui, une partie importante de la presse ind\u00e9pendante et critique existe\u2026<br>mais reste <strong>peu visible<\/strong>, <strong>peu accessible<\/strong>, et souvent cantonn\u00e9e \u00e0 un public d\u00e9j\u00e0 convaincu.<\/p>\n\n\n\n<p>Dans le m\u00eame temps :<\/p>\n\n\n\n<ul class=\"wp-block-list\">\n<li>des milliers de journaux sont lus une fois, puis stock\u00e9s ou jet\u00e9s ;<\/li>\n\n\n\n<li>des lieux accueillant du public cherchent \u00e0 proposer du contenu culturel et citoyen ;<\/li>\n\n\n\n<li>des lecteurs souhaitent partager ce qu\u2019ils lisent.<\/li>\n<\/ul>\n\n\n\n<p><strong>SpotPress relie ces r\u00e9alit\u00e9s.<\/strong><\/p>\n\n\n\n<p>Nous croyons que la presse :<\/p>\n\n\n\n<ul class=\"wp-block-list\">\n<li>est un bien culturel<\/li>\n\n\n\n<li>doit pouvoir circuler<\/li>\n<\/ul>\n\n\n\n<ul class=\"wp-block-list\">\n<li>gagne \u00e0 \u00eatre lue partout, tout le temps<\/li>\n<\/ul>\n<\/div>\n\n\n\n<div class=\"wp-block-column is-vertically-aligned-center is-layout-flow wp-block-column-is-layout-flow\">\n<figure class=\"wp-block-image size-full\"><img decoding=\"async\" src=\"http:\/\/diffusons.lautre.net\/www\/wp-content\/themes\/twentytwentyfive\/assets\/images\/book-image-landing.webp\" alt=\"Image d\u2018un livre\" style=\"aspect-ratio:1;object-fit:cover\"\/><\/figure>\n<\/div>\n<\/div>\n<\/div>\n\n\n\n<div class=\"wp-block-group alignfull has-global-padding is-layout-constrained wp-block-group-is-layout-constrained\" style=\"margin-top:0;margin-bottom:0\">\n<div class=\"wp-block-group alignwide is-layout-flow wp-container-core-group-is-layout-d58a0413 wp-block-group-is-layout-flow\" style=\"padding-top:var(--wp--preset--spacing--50);padding-bottom:var(--wp--preset--spacing--50)\">\n<h2 class=\"wp-block-heading has-x-large-font-size\">Comment \u00e7a fonctionne ?<\/h2>\n\n\n\n<div class=\"wp-block-columns is-layout-flex wp-container-core-columns-is-layout-cbe57604 wp-block-columns-is-layout-flex\">\n<div class=\"wp-block-column is-layout-flow wp-block-column-is-layout-flow\">\n<div class=\"wp-block-group is-layout-flow wp-block-group-is-layout-flow\" style=\"border-top-color:var(--wp--preset--color--accent-6);border-top-width:1px;padding-top:var(--wp--preset--spacing--30);padding-bottom:var(--wp--preset--spacing--30)\">\n<h3 class=\"wp-block-heading\">1. Les journaux<\/h3>\n\n\n\n<p>mensuels, trimestriels ou semestriels <\/p>\n\n\n\n<p>issus de la presse ind\u00e9pendante, critique ou alternative<\/p>\n\n\n\n<p><em>(Le Monde diplomatique, Alternatives \u00e9conomiques, Le Monde libertaire, Casseur de pub, Alternative libertaire, CQFD\u2026)<\/em><\/p>\n<\/div>\n<\/div>\n\n\n\n<div class=\"wp-block-column is-layout-flow wp-block-column-is-layout-flow\">\n<div class=\"wp-block-group is-layout-flow wp-block-group-is-layout-flow\" style=\"border-top-color:var(--wp--preset--color--accent-6);border-top-width:1px;padding-top:var(--wp--preset--spacing--30);padding-bottom:var(--wp--preset--spacing--30)\">\n<h3 class=\"wp-block-heading\">3. Les personnes<\/h3>\n\n\n\n<p>Lecteurs, donateurs, adh\u00e9rents, b\u00e9n\u00e9voles :<br>chacun peut participer selon ses envies et ses moyens.<\/p>\n\n\n\n<p>Partager un journal, soutenir financi\u00e8rement, diffuser, organiser\u2026<br><strong>il n\u2019y a pas une seule fa\u00e7on de s\u2019engager.<\/strong><\/p>\n<\/div>\n<\/div>\n<\/div>\n\n\n\n<div class=\"wp-block-columns is-layout-flex wp-container-core-columns-is-layout-cbe57604 wp-block-columns-is-layout-flex\">\n<div class=\"wp-block-column is-layout-flow wp-block-column-is-layout-flow\">\n<div class=\"wp-block-group is-layout-flow wp-block-group-is-layout-flow\" style=\"border-top-color:var(--wp--preset--color--accent-6);border-top-width:1px;padding-top:var(--wp--preset--spacing--30);padding-bottom:var(--wp--preset--spacing--30)\">\n<h3 class=\"wp-block-heading\">2. Les lieux<\/h3>\n\n\n\n<p>Bars, maisons associatives, tiers-lieux, espaces culturels ou militants accueillent ces journaux :<\/p>\n\n\n\n<ul class=\"wp-block-list\">\n<li>en libre consultation<\/li>\n\n\n\n<li>sur place<\/li>\n\n\n\n<li>gratuitement<\/li>\n<\/ul>\n\n\n\n<p>SpotPress accompagne les lieux et propose un cadre clair et simple.<\/p>\n<\/div>\n<\/div>\n\n\n\n<div class=\"wp-block-column is-layout-flow wp-block-column-is-layout-flow\">\n<div class=\"wp-block-group is-layout-flow wp-block-group-is-layout-flow\" style=\"border-top-color:var(--wp--preset--color--accent-6);border-top-width:1px;padding-top:var(--wp--preset--spacing--30);padding-bottom:var(--wp--preset--spacing--30)\">\n<p><\/p>\n<\/div>\n<\/div>\n<\/div>\n<\/div>\n<\/div>\n\n\n\n<aside class=\"wp-block-group alignfull is-style-section-3 has-global-padding is-layout-constrained wp-container-core-group-is-layout-f0f2a97b wp-block-group-is-layout-constrained is-style-section-3--1\" style=\"margin-top:0;margin-bottom:0;padding-top:var(--wp--preset--spacing--50);padding-right:var(--wp--preset--spacing--50);padding-bottom:var(--wp--preset--spacing--50);padding-left:var(--wp--preset--spacing--50)\">\n<div class=\"wp-block-group is-vertical is-content-justification-center is-layout-flex wp-container-core-group-is-layout-8778ca4a wp-block-group-is-layout-flex\" style=\"min-height:360px;margin-top:0;margin-bottom:0\">\n<h2 class=\"wp-block-heading has-text-align-center has-xx-large-font-size\">Les lieux de diffusion<\/h2>\n\n\n\n<p class=\"has-text-align-center is-style-text-subtitle is-style-text-subtitle--2\">SpotPress met en relation des journaux et des lieux qui souhaitent :<\/p>\n\n\n\n<ul class=\"wp-block-list\">\n<li>enrichir leur espace<\/li>\n\n\n\n<li>favoriser la discussion<\/li>\n\n\n\n<li>proposer autre chose que l\u2019actualit\u00e9 en continu<\/li>\n<\/ul>\n\n\n\n<p>.<\/p>\n\n\n\n<p class=\"has-text-align-center is-style-text-subtitle is-style-text-subtitle--3\">M\u00eame si la carte des lieux est encore en construction,<br>le projet est pens\u00e9 pour se d\u00e9ployer <strong>localement<\/strong>, pas \u00e0 pas<\/p>\n\n\n\n<div style=\"height:0px\" aria-hidden=\"true\" class=\"wp-block-spacer wp-container-content-62aae154\"><\/div>\n\n\n\n<div class=\"wp-block-buttons is-content-justification-center is-layout-flex wp-container-core-buttons-is-layout-a89b3969 wp-block-buttons-is-layout-flex\">\n<div class=\"wp-block-button\"><a class=\"wp-block-button__link has-text-align-center wp-element-button\"><em>Voir les lieux de diffusion<\/em><\/a><\/div>\n\n\n\n<div class=\"wp-block-button\"><a class=\"wp-block-button__link has-text-align-center wp-element-button\"><em>Devenir lieu partenaire<\/em><\/a><\/div>\n<\/div>\n<\/div>\n<\/aside>\n\n\n\n<div class=\"wp-block-group alignfull is-style-default has-global-padding is-layout-constrained wp-block-group-is-layout-constrained\" style=\"margin-top:0;margin-bottom:0;padding-top:var(--wp--preset--spacing--60);padding-bottom:var(--wp--preset--spacing--60)\">\n<div class=\"wp-block-columns alignwide is-layout-flex wp-container-core-columns-is-layout-6ef9061c wp-block-columns-is-layout-flex\">\n<div class=\"wp-block-column is-layout-flow wp-block-column-is-layout-flow\" style=\"flex-basis:60%\">\n<div class=\"wp-block-group is-vertical is-layout-flex wp-container-core-group-is-layout-913d5755 wp-block-group-is-layout-flex\" style=\"padding-bottom:var(--wp--preset--spacing--30)\">\n<h2 class=\"wp-block-heading\">La presse que nous diffusons<\/h2>\n\n\n\n<p class=\"has-large-font-size wp-container-content-9cfa9a5a\">SpotPress ne diffuse pas n\u2019importe quels journaux.<\/p>\n\n\n\n<p>Nous d\u00e9fendons une presse :<\/p>\n\n\n\n<ul class=\"wp-block-list\">\n<li>ind\u00e9pendante<\/li>\n\n\n\n<li>exigeante<\/li>\n\n\n\n<li>engag\u00e9e sur les plans social, \u00e9conomique, \u00e9cologique ou politique<\/li>\n\n\n\n<li>accessible sans \u00eatre simpliste<\/li>\n<\/ul>\n\n\n\n<p class=\"has-medium-font-size\">Chaque journal diffus\u00e9 est pr\u00e9sent\u00e9, contextualis\u00e9 et respect\u00e9 dans son int\u00e9grit\u00e9 \u00e9ditoriale.<\/p>\n<\/div>\n<\/div>\n\n\n\n<div class=\"wp-block-column is-layout-flow wp-block-column-is-layout-flow\" style=\"flex-basis:40%\">\n<div class=\"wp-block-columns is-layout-flex wp-container-core-columns-is-layout-28f84493 wp-block-columns-is-layout-flex\">\n<div class=\"wp-block-column is-layout-flow wp-container-core-column-is-layout-5dafc681 wp-block-column-is-layout-flow\">\n<div class=\"wp-block-group has-global-padding is-content-justification-left is-layout-constrained wp-container-core-group-is-layout-3540e7cd wp-block-group-is-layout-constrained\">\n<h3 class=\"wp-block-heading has-large-font-size\" style=\"font-style:normal;font-weight:500\">Le monde diplomatique<\/h3>\n\n\n\n<p class=\"has-medium-font-size\"><a href=\"#\">Librairie<\/a><\/p>\n<\/div>\n\n\n\n<div class=\"wp-block-group has-global-padding is-content-justification-left is-layout-constrained wp-container-core-group-is-layout-0b710646 wp-block-group-is-layout-constrained\">\n<h3 class=\"wp-block-heading has-large-font-size\" style=\"font-style:normal;font-weight:500\">Alternative \u00e9conomique<\/h3>\n\n\n\n<p class=\"has-medium-font-size\"><a href=\"#\">Librairie<\/a><\/p>\n<\/div>\n\n\n\n<div class=\"wp-block-group has-global-padding is-content-justification-left is-layout-constrained wp-container-core-group-is-layout-0b710646 wp-block-group-is-layout-constrained\">\n<h3 class=\"wp-block-heading has-large-font-size\" style=\"font-style:normal;font-weight:500\">Alternative Libertaire<\/h3>\n\n\n\n<p class=\"has-medium-font-size\"><a href=\"#\">Librairie<\/a><\/p>\n<\/div>\n\n\n\n<div class=\"wp-block-group has-global-padding is-content-justification-left is-layout-constrained wp-container-core-group-is-layout-0b710646 wp-block-group-is-layout-constrained\">\n<h3 class=\"wp-block-heading has-large-font-size\" style=\"font-style:normal;font-weight:500\">Casseur de pub<\/h3>\n\n\n\n<p class=\"has-medium-font-size\"><a href=\"#\">Librairie<\/a><\/p>\n<\/div>\n<\/div>\n\n\n\n<div class=\"wp-block-column is-layout-flow wp-container-core-column-is-layout-5dafc681 wp-block-column-is-layout-flow\">\n<div class=\"wp-block-group has-global-padding is-content-justification-left is-layout-constrained wp-container-core-group-is-layout-3540e7cd wp-block-group-is-layout-constrained\"><\/div>\n\n\n\n<div class=\"wp-block-group has-global-padding is-content-justification-left is-layout-constrained wp-container-core-group-is-layout-0b710646 wp-block-group-is-layout-constrained\">\n<h3 class=\"wp-block-heading has-large-font-size\" style=\"font-style:normal;font-weight:500\">CQFD<\/h3>\n\n\n\n<p class=\"has-medium-font-size\"><a href=\"#\">Librairie<\/a><\/p>\n<\/div>\n\n\n\n<div class=\"wp-block-group has-global-padding is-content-justification-left is-layout-constrained wp-container-core-group-is-layout-0b710646 wp-block-group-is-layout-constrained\">\n<h3 class=\"wp-block-heading has-large-font-size\" style=\"font-style:normal;font-weight:500\">Alternative Libertaire<\/h3>\n\n\n\n<p class=\"has-medium-font-size\"><a href=\"#\">Librairie<\/a><\/p>\n<\/div>\n\n\n\n<div class=\"wp-block-group has-global-padding is-content-justification-left is-layout-constrained wp-container-core-group-is-layout-0b710646 wp-block-group-is-layout-constrained\"><\/div>\n<\/div>\n<\/div>\n<\/div>\n<\/div>\n<\/div>\n\n\n\n<h2 class=\"wp-block-heading\">S\u2019engager avec SpotPress<\/h2>\n\n\n\n<p>SpotPress est une association, et fonctionne gr\u00e2ce \u00e0 l\u2019implication de ses membres.<\/p>\n\n\n\n<p>Vous pouvez :<\/p>\n\n\n\n<ul class=\"wp-block-list\">\n<li><strong>donner vos journaux<\/strong><\/li>\n\n\n\n<li><strong>adh\u00e9rer<\/strong> et soutenir financi\u00e8rement le projet<\/li>\n\n\n\n<li><strong>devenir b\u00e9n\u00e9vole<\/strong> et participer \u00e0 la diffusion<\/li>\n\n\n\n<li><strong>proposer un lieu<\/strong> de diffusion<\/li>\n<\/ul>\n\n\n\n<div class=\"wp-block-buttons is-layout-flex wp-block-buttons-is-layout-flex\">\n<div class=\"wp-block-button\"><a class=\"wp-block-button__link wp-element-button\">S\u2019engager avec SpotPress<\/a><\/div>\n<\/div>\n\n\n\n<h2 class=\"wp-block-heading\">SpotPress, c\u2019est une autre mani\u00e8re de faire vivre la presse.<br>Plus lente, plus collective, plus ancr\u00e9e dans les lieux et les \u00e9changes.<\/h2>\n\n\n\n<p>Parce qu\u2019un journal ne vaut pas seulement par ce qu\u2019il dit,<br>mais aussi par <strong>l\u2019endroit o\u00f9 il est lu et les discussions qu\u2019il provoque<\/strong>.<\/p>\n\n\n\n<p><\/p>\n","protected":false},"excerpt":{"rendered":"<p>SpotPress \u2014 La presse de qualit\u00e9, l\u00e0 o\u00f9 on ne l\u2019attend pas Lire Le Monde diplomatique, Alternatives \u00e9conomiques ou CQFD dans un bar, un tiers-lieu ou une maison associative, gratuitement et librement :c\u2019est le pari de SpotPress. SpotPress est une association qui organise la circulation de journaux de qualit\u00e9 dans des lieux ouverts au public, [&hellip;]<\/p>\n","protected":false},"author":1,"featured_media":0,"parent":0,"menu_order":0,"comment_status":"closed","ping_status":"closed","template":"","meta":{"footnotes":""},"class_list":["post-6","page","type-page","status-publish","hentry"],"_links":{"self":[{"href":"https:\/\/diffusons.lautre.net\/index.php?rest_route=\/wp\/v2\/pages\/6","targetHints":{"allow":["GET"]}}],"collection":[{"href":"https:\/\/diffusons.lautre.net\/index.php?rest_route=\/wp\/v2\/pages"}],"about":[{"href":"https:\/\/diffusons.lautre.net\/index.php?rest_route=\/wp\/v2\/types\/page"}],"author":[{"embeddable":true,"href":"https:\/\/diffusons.lautre.net\/index.php?rest_route=\/wp\/v2\/users\/1"}],"replies":[{"embeddable":true,"href":"https:\/\/diffusons.lautre.net\/index.php?rest_route=%2Fwp%2Fv2%2Fcomments&post=6"}],"version-history":[{"count":5,"href":"https:\/\/diffusons.lautre.net\/index.php?rest_route=\/wp\/v2\/pages\/6\/revisions"}],"predecessor-version":[{"id":15,"href":"https:\/\/diffusons.lautre.net\/index.php?rest_route=\/wp\/v2\/pages\/6\/revisions\/15"}],"wp:attachment":[{"href":"https:\/\/diffusons.lautre.net\/index.php?rest_route=%2Fwp%2Fv2%2Fmedia&parent=6"}],"curies":[{"name":"wp","href":"https:\/\/api.w.org\/{rel}","templated":true}]}}